{"id":133,"date":"2024-11-12T07:04:19","date_gmt":"2024-11-12T06:04:19","guid":{"rendered":"https:\/\/www.montpellierfleurs.fr\/?page_id=133"},"modified":"2025-06-05T06:29:46","modified_gmt":"2025-06-05T04:29:46","slug":"presentation","status":"publish","type":"page","link":"https:\/\/www.montpellierfleurs.fr\/index.php\/presentation\/","title":{"rendered":"Presentation"},"content":{"rendered":"\n<p>Notre boutique a \u00e9t\u00e9 cr\u00e9e en 1990 et a d\u00e9velopp\u00e9 de nombreux services destin\u00e9s aux particuliers mais aussi aux professionnels.<\/p>\n\n\n\n<p>Notre soci\u00e9t\u00e9 exploite une boutique de fleurs \u00e0 Grabels mais elle g\u00e8re, \u00e9galement, trois sites internet dont deux boutiques en ligne de vente de fleurs.<\/p>\n\n\n\n<p>Notre \u00e9quipe de fleuristes propose \u00e0 la client\u00e8le &#8220;entreprise&#8221;, des abonnements floraux \u00e0 la semaine, quinzaine ou mensuel, des d\u00e9corations de stands lors de salons professionnels, centres de tables pour les restaurants, maisons de retraites, h\u00f4tels&#8230; et la d\u00e9coration de votre entreprise.<\/p>\n\n\n\n<p>Pour avoir plus d&#8217;information, contactez-nous<\/p>\n","protected":false},"excerpt":{"rendered":"<p>Notre boutique a \u00e9t\u00e9 cr\u00e9e en 1990 et a d\u00e9velopp\u00e9 de nombreux services destin\u00e9s aux particuliers mais aussi aux professionnels. Notre soci\u00e9t\u00e9 exploite une boutique de fleurs \u00e0 Grabels mais elle g\u00e8re, \u00e9galement, trois sites internet dont deux boutiques en ligne de vente de fleurs. Notre \u00e9quipe de fleuristes propose \u00e0 la client\u00e8le &#8220;entreprise&#8221;, des [&hellip;]<\/p>\n","protected":false},"author":1,"featured_media":0,"parent":0,"menu_order":0,"comment_status":"closed","ping_status":"closed","template":"","meta":{"footnotes":""},"class_list":["post-133","page","type-page","status-publish","hentry"],"_links":{"self":[{"href":"https:\/\/www.montpellierfleurs.fr\/index.php\/wp-json\/wp\/v2\/pages\/133","targetHints":{"allow":["GET"]}}],"collection":[{"href":"https:\/\/www.montpellierfleurs.fr\/index.php\/wp-json\/wp\/v2\/pages"}],"about":[{"href":"https:\/\/www.montpellierfleurs.fr\/index.php\/wp-json\/wp\/v2\/types\/page"}],"author":[{"embeddable":true,"href":"https:\/\/www.montpellierfleurs.fr\/index.php\/wp-json\/wp\/v2\/users\/1"}],"replies":[{"embeddable":true,"href":"https:\/\/www.montpellierfleurs.fr\/index.php\/wp-json\/wp\/v2\/comments?post=133"}],"version-history":[{"count":6,"href":"https:\/\/www.montpellierfleurs.fr\/index.php\/wp-json\/wp\/v2\/pages\/133\/revisions"}],"predecessor-version":[{"id":187,"href":"https:\/\/www.montpellierfleurs.fr\/index.php\/wp-json\/wp\/v2\/pages\/133\/revisions\/187"}],"wp:attachment":[{"href":"https:\/\/www.montpellierfleurs.fr\/index.php\/wp-json\/wp\/v2\/media?parent=133"}],"curies":[{"name":"wp","href":"https:\/\/api.w.org\/{rel}","templated":true}]}}